{"id":1673,"date":"2021-10-18T08:45:39","date_gmt":"2021-10-18T06:45:39","guid":{"rendered":"https:\/\/georginadolcetcarrera.com\/pni-clinica\/"},"modified":"2024-10-21T12:15:26","modified_gmt":"2024-10-21T10:15:26","slug":"pni-clinica","status":"publish","type":"page","link":"https:\/\/georginadolcetcarrera.com\/es\/pni-clinica\/","title":{"rendered":"PNI Cl\u00ednica"},"content":{"rendered":"\t\t<div data-elementor-type=\"wp-page\" data-elementor-id=\"1673\" class=\"elementor elementor-1673\" data-elementor-post-type=\"page\">\n\t\t\t\t\t\t<section class=\"elementor-section elementor-top-section elementor-element elementor-element-de766ca elementor-section-height-min-height elementor-section-boxed elementor-section-height-default elementor-section-items-middle\" data-id=\"de766ca\" data-element_type=\"section\" data-e-type=\"section\" data-settings=\"{&quot;background_background&quot;:&quot;classic&quot;}\">\n\t\t\t\t\t\t<div class=\"elementor-container elementor-column-gap-no\">\n\t\t\t\t\t<div class=\"aux-parallax-section elementor-column elementor-col-100 elementor-top-column elementor-element elementor-element-3a40845\" data-id=\"3a40845\" data-element_type=\"column\" data-e-type=\"column\">\n\t\t\t<div class=\"elementor-widget-wrap elementor-element-populated\">\n\t\t\t\t\t\t<div class=\"elementor-element elementor-element-da96e47 aux-appear-watch-animation aux-slide-from-top elementor-widget elementor-widget-aux_modern_heading\" data-id=\"da96e47\" data-element_type=\"widget\" data-e-type=\"widget\" data-widget_type=\"aux_modern_heading.default\">\n\t\t\t\t<div class=\"elementor-widget-container\">\n\t\t\t\t\t<section class=\"aux-widget-modern-heading\">\n            <div class=\"aux-widget-inner\"><h2 class=\"aux-modern-heading-primary\">PNICL\u00cdNICA<\/h2><\/div>\n        <\/section>\t\t\t\t<\/div>\n\t\t\t\t<\/div>\n\t\t\t\t\t<\/div>\n\t\t<\/div>\n\t\t\t\t\t<\/div>\n\t\t<\/section>\n\t\t\t\t<section class=\"elementor-section elementor-top-section elementor-element elementor-element-1d13ba3 elementor-section-boxed elementor-section-height-default elementor-section-height-default\" data-id=\"1d13ba3\" data-element_type=\"section\" data-e-type=\"section\">\n\t\t\t\t\t\t<div class=\"elementor-container elementor-column-gap-default\">\n\t\t\t\t\t<div class=\"aux-parallax-section elementor-column elementor-col-100 elementor-top-column elementor-element elementor-element-eb1bfa7\" data-id=\"eb1bfa7\" data-element_type=\"column\" data-e-type=\"column\">\n\t\t\t<div class=\"elementor-widget-wrap elementor-element-populated\">\n\t\t\t\t\t\t<div class=\"elementor-element elementor-element-3c140bc elementor-widget elementor-widget-text-editor\" data-id=\"3c140bc\" data-element_type=\"widget\" data-e-type=\"widget\" data-widget_type=\"text-editor.default\">\n\t\t\t\t<div class=\"elementor-widget-container\">\n\t\t\t\t\t\t\t\t\t<p>La Psiconeuroinmunolog\u00eda Cl\u00ednica es una disciplina que estudia los mecanismos de acci\u00f3n y comunicaci\u00f3n entre los diferentes sistemas: neurol\u00f3gico, psicol\u00f3gico, endocrino e inmunol\u00f3gico.<\/p>\t\t\t\t\t\t\t\t<\/div>\n\t\t\t\t<\/div>\n\t\t\t\t<div class=\"elementor-element elementor-element-8f158ae elementor-widget elementor-widget-text-editor\" data-id=\"8f158ae\" data-element_type=\"widget\" data-e-type=\"widget\" data-widget_type=\"text-editor.default\">\n\t\t\t\t<div class=\"elementor-widget-container\">\n\t\t\t\t\t\t\t\t\t<p>\u00a0A trav\u00e9s de un sistema de diagn\u00f3stico integral, la PNI Cl\u00ednica tiene como finalidad abordar los verdaderos factores etiol\u00f3gicos de la patolog\u00eda (las causas) y generar un plan de tratamiento individualizado.<\/p><p>La PNI tiene un gran valor cl\u00ednico en el \u00e1mbito de diversas patolog\u00edas, trastornos o disfunciones, como:<\/p>\t\t\t\t\t\t\t\t<\/div>\n\t\t\t\t<\/div>\n\t\t\t\t\t<\/div>\n\t\t<\/div>\n\t\t\t\t\t<\/div>\n\t\t<\/section>\n\t\t\t\t<section class=\"elementor-section elementor-top-section elementor-element elementor-element-5bde1fa elementor-section-boxed elementor-section-height-default elementor-section-height-default\" data-id=\"5bde1fa\" data-element_type=\"section\" data-e-type=\"section\">\n\t\t\t\t\t\t<div class=\"elementor-container elementor-column-gap-default\">\n\t\t\t\t\t<div class=\"aux-parallax-section elementor-column elementor-col-66 elementor-top-column elementor-element elementor-element-7a683e7\" data-id=\"7a683e7\" data-element_type=\"column\" data-e-type=\"column\">\n\t\t\t<div class=\"elementor-widget-wrap elementor-element-populated\">\n\t\t\t\t\t\t<div class=\"elementor-element elementor-element-6e8efec elementor-icon-list--layout-traditional elementor-list-item-link-full_width elementor-widget elementor-widget-icon-list\" data-id=\"6e8efec\" data-element_type=\"widget\" data-e-type=\"widget\" data-widget_type=\"icon-list.default\">\n\t\t\t\t<div class=\"elementor-widget-container\">\n\t\t\t\t\t\t\t<ul class=\"elementor-icon-list-items\">\n\t\t\t\t\t\t\t<li class=\"elementor-icon-list-item\">\n\t\t\t\t\t\t\t\t\t\t\t<span class=\"elementor-icon-list-icon\">\n\t\t\t\t\t\t\t<i aria-hidden=\"true\" class=\"fas fa-check\"><\/i>\t\t\t\t\t\t<\/span>\n\t\t\t\t\t\t\t\t\t\t<span class=\"elementor-icon-list-text\"><span class=\"destaca\">Trastornos del sistema digestivo:<\/span>  S\u00edndrome del intestino irritable (SII), enfermedad de Crohn y colitis ulcerosa, reflujo gastroesof\u00e1gico, Helicobacter pylori, SIBO, disbiosis intestinal.<\/span>\n\t\t\t\t\t\t\t\t\t<\/li>\n\t\t\t\t\t\t\t\t<li class=\"elementor-icon-list-item\">\n\t\t\t\t\t\t\t\t\t\t\t<span class=\"elementor-icon-list-icon\">\n\t\t\t\t\t\t\t<i aria-hidden=\"true\" class=\"fas fa-check\"><\/i>\t\t\t\t\t\t<\/span>\n\t\t\t\t\t\t\t\t\t\t<span class=\"elementor-icon-list-text\"><span class=\"destaca\">Enfermedades autoinmunes:<\/span>  Artritis reumatoide, tiroiditis de Hashimoto, esclerosis m\u00faltiple.<\/span>\n\t\t\t\t\t\t\t\t\t<\/li>\n\t\t\t\t\t\t\t\t<li class=\"elementor-icon-list-item\">\n\t\t\t\t\t\t\t\t\t\t\t<span class=\"elementor-icon-list-icon\">\n\t\t\t\t\t\t\t<i aria-hidden=\"true\" class=\"fas fa-check\"><\/i>\t\t\t\t\t\t<\/span>\n\t\t\t\t\t\t\t\t\t\t<span class=\"elementor-icon-list-text\"><span class=\"destaca\">Trastornos metab\u00f3licos:<\/span> Diabetes tipo 2, s\u00edndrome metab\u00f3lico, resistencia a la insulina.<\/span>\n\t\t\t\t\t\t\t\t\t<\/li>\n\t\t\t\t\t\t\t\t<li class=\"elementor-icon-list-item\">\n\t\t\t\t\t\t\t\t\t\t\t<span class=\"elementor-icon-list-icon\">\n\t\t\t\t\t\t\t<i aria-hidden=\"true\" class=\"fas fa-check\"><\/i>\t\t\t\t\t\t<\/span>\n\t\t\t\t\t\t\t\t\t\t<span class=\"elementor-icon-list-text\"><span class=\"destaca\">Trastornos endocrinos: <\/span>Hipotiroidismo e hipertiroidismo, s\u00edndrome de ovario poliqu\u00edstico (SOP), problemas hormonales relacionados con la menopausia<\/span>\n\t\t\t\t\t\t\t\t\t<\/li>\n\t\t\t\t\t\t\t\t<li class=\"elementor-icon-list-item\">\n\t\t\t\t\t\t\t\t\t\t\t<span class=\"elementor-icon-list-icon\">\n\t\t\t\t\t\t\t<i aria-hidden=\"true\" class=\"fas fa-check\"><\/i>\t\t\t\t\t\t<\/span>\n\t\t\t\t\t\t\t\t\t\t<span class=\"elementor-icon-list-text\"><span class=\"destaca\">Trastornos del sistema immune:<\/span> Alergias, intolerancias alimentarias, infecciones recurrentes (de orina, candidiasis).<\/span>\n\t\t\t\t\t\t\t\t\t<\/li>\n\t\t\t\t\t\t\t\t<li class=\"elementor-icon-list-item\">\n\t\t\t\t\t\t\t\t\t\t\t<span class=\"elementor-icon-list-icon\">\n\t\t\t\t\t\t\t<i aria-hidden=\"true\" class=\"fas fa-check\"><\/i>\t\t\t\t\t\t<\/span>\n\t\t\t\t\t\t\t\t\t\t<span class=\"elementor-icon-list-text\"><span class=\"destaca\">Trastornos neurol\u00f3gicos y psiqui\u00e1tricos:<\/span> Ansiedad, depresi\u00f3n, estr\u00e9s cr\u00f3nico, fatiga cr\u00f3nica.<\/span>\n\t\t\t\t\t\t\t\t\t<\/li>\n\t\t\t\t\t\t\t\t<li class=\"elementor-icon-list-item\">\n\t\t\t\t\t\t\t\t\t\t\t<span class=\"elementor-icon-list-icon\">\n\t\t\t\t\t\t\t<i aria-hidden=\"true\" class=\"fas fa-check\"><\/i>\t\t\t\t\t\t<\/span>\n\t\t\t\t\t\t\t\t\t\t<span class=\"elementor-icon-list-text\"><span class=\"destaca\">Disfunciones del suelo p\u00e9lvico:<\/span> Incontinencia urinaria, prolapsos, dolor p\u00e9lvico persistente.<\/span>\n\t\t\t\t\t\t\t\t\t<\/li>\n\t\t\t\t\t\t\t\t<li class=\"elementor-icon-list-item\">\n\t\t\t\t\t\t\t\t\t\t\t<span class=\"elementor-icon-list-icon\">\n\t\t\t\t\t\t\t<i aria-hidden=\"true\" class=\"fas fa-check\"><\/i>\t\t\t\t\t\t<\/span>\n\t\t\t\t\t\t\t\t\t\t<span class=\"elementor-icon-list-text\"><span class=\"destaca\">Problemas cardiovasculares:<\/span> Hipertensi\u00f3n arterial, enfermedades cardiovasculares.<\/span>\n\t\t\t\t\t\t\t\t\t<\/li>\n\t\t\t\t\t\t\t\t<li class=\"elementor-icon-list-item\">\n\t\t\t\t\t\t\t\t\t\t\t<span class=\"elementor-icon-list-icon\">\n\t\t\t\t\t\t\t<i aria-hidden=\"true\" class=\"fas fa-check\"><\/i>\t\t\t\t\t\t<\/span>\n\t\t\t\t\t\t\t\t\t\t<span class=\"elementor-icon-list-text\"><span class=\"destaca\">Problemas musculoesquel\u00e9ticos:<\/span> Fibromialgia, dolor cr\u00f3nico, osteoporosis.<\/span>\n\t\t\t\t\t\t\t\t\t<\/li>\n\t\t\t\t\t\t\t\t<li class=\"elementor-icon-list-item\">\n\t\t\t\t\t\t\t\t\t\t\t<span class=\"elementor-icon-list-icon\">\n\t\t\t\t\t\t\t<i aria-hidden=\"true\" class=\"fas fa-check\"><\/i>\t\t\t\t\t\t<\/span>\n\t\t\t\t\t\t\t\t\t\t<span class=\"elementor-icon-list-text\"><span class=\"destaca\">Problemas de salud femenina:<\/span> Irregularidades menstruales, s\u00edndrome premenstrual (SPM), problemas de fertilidad.<\/span>\n\t\t\t\t\t\t\t\t\t<\/li>\n\t\t\t\t\t\t\t\t<li class=\"elementor-icon-list-item\">\n\t\t\t\t\t\t\t\t\t\t\t<span class=\"elementor-icon-list-icon\">\n\t\t\t\t\t\t\t<i aria-hidden=\"true\" class=\"fas fa-check\"><\/i>\t\t\t\t\t\t<\/span>\n\t\t\t\t\t\t\t\t\t\t<span class=\"elementor-icon-list-text\"><span class=\"destaca\">Trastornos del sue\u00f1o:<\/span> Insomnio, apneas del sue\u00f1o.<\/span>\n\t\t\t\t\t\t\t\t\t<\/li>\n\t\t\t\t\t\t\t\t<li class=\"elementor-icon-list-item\">\n\t\t\t\t\t\t\t\t\t\t\t<span class=\"elementor-icon-list-icon\">\n\t\t\t\t\t\t\t<i aria-hidden=\"true\" class=\"fas fa-check\"><\/i>\t\t\t\t\t\t<\/span>\n\t\t\t\t\t\t\t\t\t\t<span class=\"elementor-icon-list-text\"><span class=\"destaca\">Otros:<\/span> Psoriasis, acn\u00e9, ros\u00e1cea, migra\u00f1as<\/span>\n\t\t\t\t\t\t\t\t\t<\/li>\n\t\t\t\t\t\t<\/ul>\n\t\t\t\t\t\t<\/div>\n\t\t\t\t<\/div>\n\t\t\t\t<div class=\"elementor-element elementor-element-6e3c7d0 elementor-widget elementor-widget-text-editor\" data-id=\"6e3c7d0\" data-element_type=\"widget\" data-e-type=\"widget\" data-widget_type=\"text-editor.default\">\n\t\t\t\t<div class=\"elementor-widget-container\">\n\t\t\t\t\t\t\t\t\t<p>En definitiva, se trata de des\u00f3rdenes producidos y mantenidos por trastornos a nivel psico-neuro-endocrino-socio-inmunol\u00f3gico.<\/p>\t\t\t\t\t\t\t\t<\/div>\n\t\t\t\t<\/div>\n\t\t\t\t\t<\/div>\n\t\t<\/div>\n\t\t\t\t<div class=\"aux-parallax-section elementor-column elementor-col-33 elementor-top-column elementor-element elementor-element-614970b\" data-id=\"614970b\" data-element_type=\"column\" data-e-type=\"column\">\n\t\t\t<div class=\"elementor-widget-wrap elementor-element-populated\">\n\t\t\t\t\t\t<div class=\"elementor-element elementor-element-4abb75c elementor-invisible elementor-widget elementor-widget-image\" data-id=\"4abb75c\" data-element_type=\"widget\" data-e-type=\"widget\" data-settings=\"{&quot;_animation&quot;:&quot;fadeIn&quot;}\" data-widget_type=\"image.default\">\n\t\t\t\t<div class=\"elementor-widget-container\">\n\t\t\t\t\t\t\t\t\t\t\t\t\t\t\t<img fetchpriority=\"high\" decoding=\"async\" width=\"780\" height=\"1000\" src=\"https:\/\/georginadolcetcarrera.com\/wp-content\/uploads\/2024\/09\/pni8.jpg\" class=\"attachment-large size-large wp-image-1096\" alt=\"\" srcset=\"https:\/\/georginadolcetcarrera.com\/wp-content\/uploads\/2024\/09\/pni8.jpg 780w, https:\/\/georginadolcetcarrera.com\/wp-content\/uploads\/2024\/09\/pni8-200x256.jpg 200w\" sizes=\"(max-width: 780px) 100vw, 780px\" \/>\t\t\t\t\t\t\t\t\t\t\t\t\t\t\t<\/div>\n\t\t\t\t<\/div>\n\t\t\t\t<div class=\"aux-scroll-anim elementor-element elementor-element-3665c6d elementor-widget__width-auto elementor-widget elementor-widget-aux_simple_svg\" data-move-in=\"moveVertical\" data-move-out=\"moveVertical\" data-axis-x=\"-15\" data-axis-y=\"20\" data-rotate=\"90\" data-scale=\"1\" data-vp-top=\"0.5\" data-vp-bot=\"0.5\" data-el-top=\"0.2\" data-scroll-animation-off=\"1024\" data-id=\"3665c6d\" data-element_type=\"widget\" data-e-type=\"widget\" data-widget_type=\"aux_simple_svg.default\">\n\t\t\t\t<div class=\"elementor-widget-container\">\n\t\t\t\t\t    <div class=\"aux-widget-container aux-simple-svg-container\">\n        <div class=\"aux-widget-container-inner\">\n            <div class=\"aux-the-svg\"><svg xmlns=\"http:\/\/www.w3.org\/2000\/svg\" width=\"413.666\" height=\"375.529\" viewBox=\"0 0 413.666 375.529\"><path d=\"M2.708,1.1A514.175,514.175,0,0,0,.687,80.334q1.028,19.831,3.541,39.552,1.3,10.036,3,20.009c1.048,6.121,1.969,12.374,3.507,18.4a12.467,12.467,0,0,0,3.915,6.944c2.085,1.658,4.722,2.338,7.272,2.925,6.8,1.572,13.658,2.9,20.522,4.152a57.751,57.751,0,0,1-16.837,10.445,1.237,1.237,0,0,0-.68,1.566A251.784,251.784,0,0,0,40.71,228.8c6.4,13.693,13.756,27.328,23.061,39.287,8.775,11.292,19.716,20.464,32.855,26.245a89.238,89.238,0,0,0,41,7.313,98.46,98.46,0,0,0,41.394-12.121c14.274,16.813,30.039,32.475,47.671,45.747q3.679,2.764,7.451,5.384c1.687,1.169,3.685-1.353,1.981-2.522-20.412-14.067-38.383-31.306-54.523-50.066,1.226-.72,2.442-1.451,3.645-2.211a.823.823,0,0,0,.2-.2c7.606-4.221,12.662-12.219,14.453-20.735a70.221,70.221,0,0,0,.95-18.253c-.328-6.172-.944-12.333-1.825-18.449a170.818,170.818,0,0,0-8.775-35.13,135.247,135.247,0,0,0-7.376-16.445c-2.568-4.825-5.286-10.22-9.161-14.142-7.888-7.98-19.416-4.911-28.807-1.22,2.234-7.2,4.186-14.528,5.908-21.858.916-3.9.829-7.151-1.491-10.531-2.044-2.983-4.434-5.781-6.674-8.62-9.316-11.792-18.967-23.332-29.061-34.468C93.563,63.733,71.752,43.12,47.47,25.753A286.762,286.762,0,0,0,4.458.107,1.277,1.277,0,0,0,2.708,1.1ZM2.16,71.576c-.058-1.918-.1-3.841-.138-5.758,12.322,6.927,26.6,12.743,40.945,10.877l.236.443c1.307,2.436,2.649,4.848,3.967,7.272-8.171.363-16.146-1.6-23.982-3.823q-5.787-1.641-11.452-3.7C8.368,75.658,4.688,74.236,2.16,71.576ZM27.49,184.548a70.106,70.106,0,0,0,18.2-12.023,1.211,1.211,0,0,0-.547-2.142q-9.57-2.107-19.209-3.9c-2.729-.512-5.683-.749-8.263-1.837-2.8-1.186-4.175-3.691-4.975-6.489-1.727-5.988-2.608-12.339-3.668-18.478q-1.623-9.414-2.884-18.886Q3.019,97.253,2.212,73.5a19.1,19.1,0,0,0,7.318,4.589c4.324,1.7,8.764,3.156,13.232,4.451,4.272,1.244,8.6,2.355,12.967,3.219,4.042.794,8.338,1.307,12.4.42q17.516,32.1,36.31,63.5Q105.983,185.7,129.1,220.725c1.538,2.343,3.092,4.676,4.641,7.008-11.66,3.42-23.925,3.409-35.976,2.816q-19.106-.941-38.078-3.639c-6.236-.892-12.478-1.745-18.42-3.858A283.241,283.241,0,0,1,27.49,184.548Zm17.545,46.744c-1.054-2.205-2.073-4.422-3.075-6.65a82.389,82.389,0,0,0,14.228,3.386c6.57,1.082,13.192,1.877,19.814,2.568,12.852,1.336,25.934,2.453,38.867,1.911a82.964,82.964,0,0,0,19.957-3.121q4.906,7.367,9.9,14.677c-6.046.835-12.052,1.854-18.15,2.4-6.766.6-13.56.829-20.349.789-12.84-.08-25.854-.6-38.5-2.982a130.462,130.462,0,0,1-18.921-5.4Q46.865,235.089,45.035,231.291Zm56.014,62.319a81.024,81.024,0,0,1-33.287-24.719,167,167,0,0,1-17.8-27.759,75.289,75.289,0,0,0,14.159,4.3,146.037,146.037,0,0,0,19.03,2.649,306.39,306.39,0,0,0,40.675.72c7.382-.4,14.965-1.031,22.139-2.954,8.695,12.581,17.711,24.944,27.356,36.822,1.44,1.773,2.913,3.524,4.382,5.275C154.1,299.892,126.056,303.462,101.049,293.61ZM134.791,114.9q3.843,4.742,7.606,9.553c2.355,3.006,6.334,6.622,6.207,10.692a32.874,32.874,0,0,1-1.4,6.8q-.864,3.454-1.791,6.892c-1.3,4.825-2.758,9.6-4.152,14.4-.311,1.071.634,2.54,1.877,1.924,7.935-3.916,19.514-8.747,27.333-2.021,3.991,3.432,6.668,8.792,9.15,13.353a133.657,133.657,0,0,1,7.134,15.426,161.963,161.963,0,0,1,8.62,31.922c1.866,11.1,3.328,22.83,2.522,34.1-.708,9.863-4.3,21.126-13.151,26.366a.913.913,0,0,0-.559.115q-.967.578-1.952,1.128c-.386.161-.76.334-1.163.478a.646.646,0,0,0-.42.4c-.1.058-.213.1-.317.161-15.95-18.708-30.264-38.694-43.991-59.072q-23.2-34.444-44.682-70.006-5.8-9.544-11.476-19.162c7.244-7.664,12.052-17.908,15.979-27.552,2.107-5.177,4.036-10.445,5.833-15.737,1.543-4.555,3.063-9.414,3.207-14.28C115.49,91.769,125.325,103.193,134.791,114.9Zm-31.272-35.89c-.536,10.906-4.779,21.483-8.954,31.479a140.552,140.552,0,0,1-6.743,14.055,140.637,140.637,0,0,1-8.3,12.679q-3.248-5.5-6.449-11.033a.77.77,0,0,0,.224-.213A170.468,170.468,0,0,0,88.658,99.024c2.171-4.79,4.14-9.685,5.821-14.666,1.2-3.541,2.672-7.768,2.879-11.741Q100.467,75.788,103.519,79.009ZM74.971,51.227C82.053,57.5,88.888,64.044,95.538,70.775c-.288,2.137-.391,4.29-.858,6.426a67.752,67.752,0,0,1-2.3,7.779c-1.618,4.635-3.461,9.2-5.487,13.675a167.75,167.75,0,0,1-14.735,25.963q-11.392-19.641-22.312-39.54Q29.761,48.423,11.062,11.042C10.043,9,9.059,6.936,8.091,4.869A329.621,329.621,0,0,1,74.971,51.227ZM5.805,3.666C17.7,27.5,29.431,51.365,41.989,74.858,27.68,76.418,14.915,69.958,2,64.689q-.164-10.14.086-20.292c.352-13.744,1.4-27.471,2.948-41.135C5.293,3.4,5.546,3.539,5.805,3.666Z\" transform=\"translate(295.281) rotate(60)\" fill=\"#f38576\" opacity=\"0.15\" \/><\/svg><\/div>\n        <\/div>\n    <\/div>\n    \t\t\t\t<\/div>\n\t\t\t\t<\/div>\n\t\t\t\t\t<\/div>\n\t\t<\/div>\n\t\t\t\t\t<\/div>\n\t\t<\/section>\n\t\t\t\t<\/div>\n\t\t","protected":false},"excerpt":{"rendered":"<p>PNICL\u00cdNICA La Psiconeuroinmunolog\u00eda Cl\u00ednica es una disciplina que estudia los mecanismos de acci\u00f3n y comunicaci\u00f3n entre los diferentes sistemas: neurol\u00f3gico, psicol\u00f3gico, endocrino e inmunol\u00f3gico. \u00a0A trav\u00e9s de un sistema de diagn\u00f3stico integral, la PNI Cl\u00ednica tiene como finalidad abordar los verdaderos factores etiol\u00f3gicos de la patolog\u00eda (las causas) y generar un plan de tratamiento individualizado. [&hellip;]<\/p>\n","protected":false},"author":1,"featured_media":0,"parent":0,"menu_order":0,"comment_status":"closed","ping_status":"closed","template":"templates\/page-builder-content.php","meta":{"footnotes":""},"class_list":["post-1673","page","type-page","status-publish","hentry"],"yoast_head":"<!-- This site is optimized with the Yoast SEO plugin v27.2 - https:\/\/yoast.com\/product\/yoast-seo-wordpress\/ -->\n<title>PNI Cl\u00ednica - Georgina Dolcet Carrera<\/title>\n<meta name=\"robots\" content=\"index, follow, max-snippet:-1, max-image-preview:large, max-video-preview:-1\" \/>\n<link rel=\"canonical\" href=\"https:\/\/georginadolcetcarrera.com\/es\/pni-clinica\/\" \/>\n<meta property=\"og:locale\" content=\"es_ES\" \/>\n<meta property=\"og:type\" content=\"article\" \/>\n<meta property=\"og:title\" content=\"PNI Cl\u00ednica - Georgina Dolcet Carrera\" \/>\n<meta property=\"og:description\" content=\"PNICL\u00cdNICA La Psiconeuroinmunolog\u00eda Cl\u00ednica es una disciplina que estudia los mecanismos de acci\u00f3n y comunicaci\u00f3n entre los diferentes sistemas: neurol\u00f3gico, psicol\u00f3gico, endocrino e inmunol\u00f3gico. \u00a0A trav\u00e9s de un sistema de diagn\u00f3stico integral, la PNI Cl\u00ednica tiene como finalidad abordar los verdaderos factores etiol\u00f3gicos de la patolog\u00eda (las causas) y generar un plan de tratamiento individualizado. [&hellip;]\" \/>\n<meta property=\"og:url\" content=\"https:\/\/georginadolcetcarrera.com\/es\/pni-clinica\/\" \/>\n<meta property=\"og:site_name\" content=\"Georgina Dolcet Carrera\" \/>\n<meta property=\"article:modified_time\" content=\"2024-10-21T10:15:26+00:00\" \/>\n<meta property=\"og:image\" content=\"https:\/\/georginadolcetcarrera.com\/wp-content\/uploads\/2024\/09\/pni8.jpg\" \/>\n<meta name=\"twitter:card\" content=\"summary_large_image\" \/>\n<meta name=\"twitter:label1\" content=\"Tiempo de lectura\" \/>\n\t<meta name=\"twitter:data1\" content=\"2 minutos\" \/>\n<script type=\"application\/ld+json\" class=\"yoast-schema-graph\">{\"@context\":\"https:\/\/schema.org\",\"@graph\":[{\"@type\":\"WebPage\",\"@id\":\"https:\/\/georginadolcetcarrera.com\/es\/pni-clinica\/\",\"url\":\"https:\/\/georginadolcetcarrera.com\/es\/pni-clinica\/\",\"name\":\"PNI Cl\u00ednica - Georgina Dolcet Carrera\",\"isPartOf\":{\"@id\":\"https:\/\/georginadolcetcarrera.com\/#website\"},\"primaryImageOfPage\":{\"@id\":\"https:\/\/georginadolcetcarrera.com\/es\/pni-clinica\/#primaryimage\"},\"image\":{\"@id\":\"https:\/\/georginadolcetcarrera.com\/es\/pni-clinica\/#primaryimage\"},\"thumbnailUrl\":\"https:\/\/georginadolcetcarrera.com\/wp-content\/uploads\/2024\/09\/pni8.jpg\",\"datePublished\":\"2021-10-18T06:45:39+00:00\",\"dateModified\":\"2024-10-21T10:15:26+00:00\",\"breadcrumb\":{\"@id\":\"https:\/\/georginadolcetcarrera.com\/es\/pni-clinica\/#breadcrumb\"},\"inLanguage\":\"es\",\"potentialAction\":[{\"@type\":\"ReadAction\",\"target\":[\"https:\/\/georginadolcetcarrera.com\/es\/pni-clinica\/\"]}]},{\"@type\":\"ImageObject\",\"inLanguage\":\"es\",\"@id\":\"https:\/\/georginadolcetcarrera.com\/es\/pni-clinica\/#primaryimage\",\"url\":\"https:\/\/georginadolcetcarrera.com\/wp-content\/uploads\/2024\/09\/pni8.jpg\",\"contentUrl\":\"https:\/\/georginadolcetcarrera.com\/wp-content\/uploads\/2024\/09\/pni8.jpg\"},{\"@type\":\"BreadcrumbList\",\"@id\":\"https:\/\/georginadolcetcarrera.com\/es\/pni-clinica\/#breadcrumb\",\"itemListElement\":[{\"@type\":\"ListItem\",\"position\":1,\"name\":\"Portada\",\"item\":\"https:\/\/georginadolcetcarrera.com\/es\/\"},{\"@type\":\"ListItem\",\"position\":2,\"name\":\"PNI Cl\u00ednica\"}]},{\"@type\":\"WebSite\",\"@id\":\"https:\/\/georginadolcetcarrera.com\/#website\",\"url\":\"https:\/\/georginadolcetcarrera.com\/\",\"name\":\"Georgina Dolcet Carrera\",\"description\":\"Salut integral femenina\",\"publisher\":{\"@id\":\"https:\/\/georginadolcetcarrera.com\/#organization\"},\"potentialAction\":[{\"@type\":\"SearchAction\",\"target\":{\"@type\":\"EntryPoint\",\"urlTemplate\":\"https:\/\/georginadolcetcarrera.com\/?s={search_term_string}\"},\"query-input\":{\"@type\":\"PropertyValueSpecification\",\"valueRequired\":true,\"valueName\":\"search_term_string\"}}],\"inLanguage\":\"es\"},{\"@type\":\"Organization\",\"@id\":\"https:\/\/georginadolcetcarrera.com\/#organization\",\"name\":\"Georgina Dolcet Carrera\",\"url\":\"https:\/\/georginadolcetcarrera.com\/\",\"logo\":{\"@type\":\"ImageObject\",\"inLanguage\":\"es\",\"@id\":\"https:\/\/georginadolcetcarrera.com\/#\/schema\/logo\/image\/\",\"url\":\"https:\/\/georginadolcetcarrera.com\/wp-content\/uploads\/2021\/10\/Logo.svg\",\"contentUrl\":\"https:\/\/georginadolcetcarrera.com\/wp-content\/uploads\/2021\/10\/Logo.svg\",\"width\":234,\"height\":31,\"caption\":\"Georgina Dolcet Carrera\"},\"image\":{\"@id\":\"https:\/\/georginadolcetcarrera.com\/#\/schema\/logo\/image\/\"}}]}<\/script>\n<!-- \/ Yoast SEO plugin. -->","yoast_head_json":{"title":"PNI Cl\u00ednica - Georgina Dolcet Carrera","robots":{"index":"index","follow":"follow","max-snippet":"max-snippet:-1","max-image-preview":"max-image-preview:large","max-video-preview":"max-video-preview:-1"},"canonical":"https:\/\/georginadolcetcarrera.com\/es\/pni-clinica\/","og_locale":"es_ES","og_type":"article","og_title":"PNI Cl\u00ednica - Georgina Dolcet Carrera","og_description":"PNICL\u00cdNICA La Psiconeuroinmunolog\u00eda Cl\u00ednica es una disciplina que estudia los mecanismos de acci\u00f3n y comunicaci\u00f3n entre los diferentes sistemas: neurol\u00f3gico, psicol\u00f3gico, endocrino e inmunol\u00f3gico. \u00a0A trav\u00e9s de un sistema de diagn\u00f3stico integral, la PNI Cl\u00ednica tiene como finalidad abordar los verdaderos factores etiol\u00f3gicos de la patolog\u00eda (las causas) y generar un plan de tratamiento individualizado. [&hellip;]","og_url":"https:\/\/georginadolcetcarrera.com\/es\/pni-clinica\/","og_site_name":"Georgina Dolcet Carrera","article_modified_time":"2024-10-21T10:15:26+00:00","og_image":[{"url":"https:\/\/georginadolcetcarrera.com\/wp-content\/uploads\/2024\/09\/pni8.jpg","type":"","width":"","height":""}],"twitter_card":"summary_large_image","twitter_misc":{"Tiempo de lectura":"2 minutos"},"schema":{"@context":"https:\/\/schema.org","@graph":[{"@type":"WebPage","@id":"https:\/\/georginadolcetcarrera.com\/es\/pni-clinica\/","url":"https:\/\/georginadolcetcarrera.com\/es\/pni-clinica\/","name":"PNI Cl\u00ednica - Georgina Dolcet Carrera","isPartOf":{"@id":"https:\/\/georginadolcetcarrera.com\/#website"},"primaryImageOfPage":{"@id":"https:\/\/georginadolcetcarrera.com\/es\/pni-clinica\/#primaryimage"},"image":{"@id":"https:\/\/georginadolcetcarrera.com\/es\/pni-clinica\/#primaryimage"},"thumbnailUrl":"https:\/\/georginadolcetcarrera.com\/wp-content\/uploads\/2024\/09\/pni8.jpg","datePublished":"2021-10-18T06:45:39+00:00","dateModified":"2024-10-21T10:15:26+00:00","breadcrumb":{"@id":"https:\/\/georginadolcetcarrera.com\/es\/pni-clinica\/#breadcrumb"},"inLanguage":"es","potentialAction":[{"@type":"ReadAction","target":["https:\/\/georginadolcetcarrera.com\/es\/pni-clinica\/"]}]},{"@type":"ImageObject","inLanguage":"es","@id":"https:\/\/georginadolcetcarrera.com\/es\/pni-clinica\/#primaryimage","url":"https:\/\/georginadolcetcarrera.com\/wp-content\/uploads\/2024\/09\/pni8.jpg","contentUrl":"https:\/\/georginadolcetcarrera.com\/wp-content\/uploads\/2024\/09\/pni8.jpg"},{"@type":"BreadcrumbList","@id":"https:\/\/georginadolcetcarrera.com\/es\/pni-clinica\/#breadcrumb","itemListElement":[{"@type":"ListItem","position":1,"name":"Portada","item":"https:\/\/georginadolcetcarrera.com\/es\/"},{"@type":"ListItem","position":2,"name":"PNI Cl\u00ednica"}]},{"@type":"WebSite","@id":"https:\/\/georginadolcetcarrera.com\/#website","url":"https:\/\/georginadolcetcarrera.com\/","name":"Georgina Dolcet Carrera","description":"Salut integral femenina","publisher":{"@id":"https:\/\/georginadolcetcarrera.com\/#organization"},"potentialAction":[{"@type":"SearchAction","target":{"@type":"EntryPoint","urlTemplate":"https:\/\/georginadolcetcarrera.com\/?s={search_term_string}"},"query-input":{"@type":"PropertyValueSpecification","valueRequired":true,"valueName":"search_term_string"}}],"inLanguage":"es"},{"@type":"Organization","@id":"https:\/\/georginadolcetcarrera.com\/#organization","name":"Georgina Dolcet Carrera","url":"https:\/\/georginadolcetcarrera.com\/","logo":{"@type":"ImageObject","inLanguage":"es","@id":"https:\/\/georginadolcetcarrera.com\/#\/schema\/logo\/image\/","url":"https:\/\/georginadolcetcarrera.com\/wp-content\/uploads\/2021\/10\/Logo.svg","contentUrl":"https:\/\/georginadolcetcarrera.com\/wp-content\/uploads\/2021\/10\/Logo.svg","width":234,"height":31,"caption":"Georgina Dolcet Carrera"},"image":{"@id":"https:\/\/georginadolcetcarrera.com\/#\/schema\/logo\/image\/"}}]}},"_links":{"self":[{"href":"https:\/\/georginadolcetcarrera.com\/es\/wp-json\/wp\/v2\/pages\/1673","targetHints":{"allow":["GET"]}}],"collection":[{"href":"https:\/\/georginadolcetcarrera.com\/es\/wp-json\/wp\/v2\/pages"}],"about":[{"href":"https:\/\/georginadolcetcarrera.com\/es\/wp-json\/wp\/v2\/types\/page"}],"author":[{"embeddable":true,"href":"https:\/\/georginadolcetcarrera.com\/es\/wp-json\/wp\/v2\/users\/1"}],"replies":[{"embeddable":true,"href":"https:\/\/georginadolcetcarrera.com\/es\/wp-json\/wp\/v2\/comments?post=1673"}],"version-history":[{"count":18,"href":"https:\/\/georginadolcetcarrera.com\/es\/wp-json\/wp\/v2\/pages\/1673\/revisions"}],"predecessor-version":[{"id":1852,"href":"https:\/\/georginadolcetcarrera.com\/es\/wp-json\/wp\/v2\/pages\/1673\/revisions\/1852"}],"wp:attachment":[{"href":"https:\/\/georginadolcetcarrera.com\/es\/wp-json\/wp\/v2\/media?parent=1673"}],"curies":[{"name":"wp","href":"https:\/\/api.w.org\/{rel}","templated":true}]}}