{"id":1675,"date":"2024-10-01T08:52:24","date_gmt":"2024-10-01T06:52:24","guid":{"rendered":"https:\/\/georginadolcetcarrera.com\/politica-de-privacitat\/"},"modified":"2024-10-11T18:24:11","modified_gmt":"2024-10-11T16:24:11","slug":"politica-de-privacitat","status":"publish","type":"page","link":"https:\/\/georginadolcetcarrera.com\/es\/politica-de-privacitat\/","title":{"rendered":"Pol\u00edtica de privacidad"},"content":{"rendered":"\t\t<div data-elementor-type=\"wp-page\" data-elementor-id=\"1675\" class=\"elementor elementor-1675\" data-elementor-post-type=\"page\">\n\t\t\t\t\t\t<section class=\"elementor-section elementor-top-section elementor-element elementor-element-1a1fff5 elementor-section-boxed elementor-section-height-default elementor-section-height-default\" data-id=\"1a1fff5\" data-element_type=\"section\" data-e-type=\"section\">\n\t\t\t\t\t\t<div class=\"elementor-container elementor-column-gap-default\">\n\t\t\t\t\t<div class=\"aux-parallax-section elementor-column elementor-col-100 elementor-top-column elementor-element elementor-element-34502527\" data-id=\"34502527\" data-element_type=\"column\" data-e-type=\"column\">\n\t\t\t<div class=\"elementor-widget-wrap elementor-element-populated\">\n\t\t\t\t\t\t<div class=\"elementor-element elementor-element-3648e0e8 elementor-widget elementor-widget-heading\" data-id=\"3648e0e8\" data-element_type=\"widget\" data-e-type=\"widget\" data-widget_type=\"heading.default\">\n\t\t\t\t<div class=\"elementor-widget-container\">\n\t\t\t\t\t<h2 class=\"elementor-heading-title elementor-size-default\">Pol\u00edtica de privacitat<\/h2>\t\t\t\t<\/div>\n\t\t\t\t<\/div>\n\t\t\t\t<div class=\"elementor-element elementor-element-749d03aa elementor-widget elementor-widget-text-editor\" data-id=\"749d03aa\" data-element_type=\"widget\" data-e-type=\"widget\" data-widget_type=\"text-editor.default\">\n\t\t\t\t<div class=\"elementor-widget-container\">\n\t\t\t\t\t\t\t\t\t<p><strong>POL\u00cdTICA DE PRIVACITAT<\/strong><\/p>\n<p>DOLCET CARRERA, GEORGINA, informa els usuaris del lloc web sobre la seva pol\u00edtica respecte al tractament i protecci\u00f3 de les dades de car\u00e0cter personal dels usuaris i clients.<\/p>\n<p>I garanteix en tot moment l\u2019\u00edntegre i ple compliment de les obligacions disposades per la normativa de protecci\u00f3 de dades i serveis de la societat de la informaci\u00f3: Reglament (UE) 2016\/679 del Parlament Europeu i del Consell, de 27 d\u2019abril de 2016, relatiu a la protecci\u00f3 de les persones f\u00edsiques pel que fa al tractament de dades personals i a la lliure circulaci\u00f3 d\u2019aquestes dades (RGPD), la normativa Llei Org\u00e0nica 3\/2018, de 5 de desembre, de Protecci\u00f3 de Dades Personals i garantia dels drets digitals (LOPDGDD)&nbsp;i la Llei 34\/2002, d\u201911 de juliol, de Serveis de la Societat de la Informaci\u00f3 i del Comer\u00e7 Electr\u00f2nic (LSSIce).<\/p>\n<p><strong>RESPONSABLE DEL TRACTAMENT<\/strong><\/p>\n<p>DOLCET CARRERA, GEORGINA<br>C.I.F.: 47903921G<br><span style=\"font-size: 16.0016px;\">Adre\u00e7a:&nbsp;Prat de la Riba 44 3r 5a&nbsp;<\/span><span style=\"font-size: 16.0016px;\">25008 Lleida<\/span><br>Tel\u00e8fon: 697296691<br>Correu electr\u00f2nic: info@georginadolcetcarrera.com<\/p>\n<p><strong>FINALITATS DEL TRACTAMENT DE LES DADES<\/strong><\/p>\n<p>Les dades facilitades per l\u2019Usuari s\u00f3n utilitzats per diverses finalitats que s\u2019enumeren a continuaci\u00f3:<\/p>\n<table width=\"636\">\n<tbody>\n<tr>\n<td>\n<p><strong>Finalitat del tractament&nbsp;<\/strong><\/p>\n<\/td>\n<td>\n<p><strong>Base jur\u00eddica per al tractament<\/strong><\/p>\n<\/td>\n<\/tr>\n<tr>\n<td>\n<p>Gestionar les consultes plantejades a trav\u00e9s del formulari de consulta<\/p>\n<\/td>\n<td>\n<p>Inter\u00e8s leg\u00edtim de la Societat per a atendre els requeriments d\u2019informaci\u00f3 a trav\u00e9s de la web.<\/p>\n<p>Consentiment prestat de manera expressa en el moment de recollida de les dades a trav\u00e9s dels formularis web.<\/p>\n<\/td>\n<\/tr>\n<tr>\n<td>\n<p>Enviament de&nbsp;newsletters, comunicacions comercials i promocions.<\/p>\n<\/td>\n<td>\n<p>Consentiment prestat de manera expressa en el moment de recollida de les dades a trav\u00e9s dels formularis web.<\/p>\n<\/td>\n<\/tr>\n<tr>\n<td>\n<p>Gestionar les incid\u00e8ncies i el manteniment de la web.<\/p>\n<\/td>\n<td>\n<p>Inter\u00e8s leg\u00edtim de la Societat.<\/p>\n<\/td>\n<\/tr>\n<\/tbody>\n<\/table>\n<p><strong>TERMINI DE CONSERVACI\u00d3 DE LES DADES<\/strong><\/p>\n<table width=\"622\">\n<tbody>\n<tr>\n<td>\n<p><strong>Finalitat del tractament<\/strong><\/p>\n<\/td>\n<td>\n<p><strong>Termini de conservaci\u00f3<\/strong><\/p>\n<\/td>\n<\/tr>\n<tr>\n<td>\n<p>Gestionar les consultes plantejades a trav\u00e9s del formulari de consulta<\/p>\n<\/td>\n<td>\n<p>Tractarem les teves dades durant el temps que sigui necessari per a atendre la teva sol\u00b7licitud o petici\u00f3.<\/p>\n<\/td>\n<\/tr>\n<tr>\n<td>\n<p>Enviament de&nbsp;newsletters, comunicacions comercials i promocions.<\/p>\n<\/td>\n<td>\n<p>Tractarem les teves dades fins que et donis de baixa.<\/p>\n<\/td>\n<\/tr>\n<tr>\n<td>\n<p>Gestionar les incid\u00e8ncies i el manteniment de la web.<\/p>\n<\/td>\n<td>\n<p>Tractarem les seves dades durant el temps necessari per a complir els terminis legals de prescripci\u00f3 que li resultin d\u2019aplicaci\u00f3.<\/p>\n<\/td>\n<\/tr>\n<\/tbody>\n<\/table>\n<p><strong>DESTINATARIS DE LES DADES<\/strong><\/p>\n<p>Per a complir les finalitats indicades en la present Pol\u00edtica de Privacitat, \u00e9s necessari que donem acc\u00e9s a les teves dades personals a terceres parts que ens donin suport en els serveis que t\u2019oferim (Encarats de Tractament).<\/p>\n<p>Els encarregats de tractament per a l\u2019execuci\u00f3 d\u2019un contracte o prestaci\u00f3 d\u2019un servei al Responsable, seguint per aix\u00f2 les seves instruccions en tot moment i assegurant els mateixos nivells de seguretat.<\/p>\n<p><strong>DRETS DELS USUARIS<\/strong><\/p>\n<p>L\u2019usuari t\u00e9 dret a:<\/p>\n<ul>\n<li>Sol\u00b7licitar l\u2019acc\u00e9s a les seves dades personals que s\u2019estan tractant i rebre aquesta informaci\u00f3 per escrit pel mitj\u00e0 sol\u00b7licitat.<\/li>\n<li>Sol\u00b7licitar la rectificaci\u00f3 de les dades personals inexactes o, si escau, sol\u00b7licitar la seva supressi\u00f3 quan, entre altres motius, les dades ja no siguin necessaris per a la finalitat pels quals van ser recollits.<\/li>\n<li>Sol\u00b7licitar la limitaci\u00f3 del tractament de les seves dades.<\/li>\n<li>Oposar-se al tractament de les seves dades personals quan escaigui, en aquest cas es deixaran de tractar les seves dades excepte per motius leg\u00edtims.<\/li>\n<li>Dret a la portabilitat de les dades. L\u2019interessat\/interessada t\u00e9 dret a rebre les dades personals si han estat facilitades en un format estructurat, d\u2019\u00fas com\u00fa i de lectura mec\u00e0nica, i a transmetre-les a un altre responsable, si es compleixen els requisits seg\u00fcents:<\/li>\n<\/ul>\n<ol>\n<li style=\"list-style-type: none;\">\n<ol>\n<li>El tractament es basa en el consentiment o en un contracte.<\/li>\n<li>El tractament es fa per mitjans automatitzats.<br>\u2022 Dret a retirar el consentiment prestat.<br>\u2022 Dret a reclamar davant l\u2019Ag\u00e8ncia Espanyola de Protecci\u00f3 de Dades.<\/li>\n<\/ol>\n<\/li>\n<\/ol>\n<p>L\u2019Usuari pot exercitar els drets anteriorment indicats a l\u2019adre\u00e7a de correu postal o electr\u00f2nica del Responsable, acreditant la seva identitat amb una c\u00f2pia escanejada del seu DNI o document equivalent, i especificant el dret que desitja exercir.<\/p>\n<p><strong>PROCED\u00c8NCIA DE LES DADES<\/strong><\/p>\n<p>Les dades personals han de ser facilitades pel propi interessat de forma absolutament volunt\u00e0ria. La manca d\u2019algunes dades o la no resposta de preguntes que puguin formular-se a la persona interessada en els processos de registre o a trav\u00e9s de formularis electr\u00f2nics, pot provocar la impossibilitat d\u2019acc\u00e9s a determinats serveis per a la prestaci\u00f3 dels quals \u00e9s imprescindible de disposar d\u2019aquestes dades de car\u00e0cter personal. En aquest cas, el Responsable del Tractament ha d\u2019informar del car\u00e0cter obligatori o necessari de facilitar les dades personals per al funcionament del servei.<br>El Responsable assegura la confidencialitat de les seves dades personals i garanteix la seguretat d\u2019aquests, adoptant les mesures necess\u00e0ries per a evitar la seva alteraci\u00f3, p\u00e8rdua, tractament o acc\u00e9s no autoritzat.<\/p>\n<p><strong>INFORMACI\u00d3 FACILITADA PER L\u2019INTERESSAT\/INTERESSADA<\/strong><\/p>\n<p>Els i les menors de 18 anys no poden cedir les seves dades personals sense el previ consentiment del seu pare\/mare &nbsp;i\/o tutors legals.<br>L\u2019interessat\/interessada introduint les seves dades en els formularis de contacte o presentats en formularis de desc\u00e0rrega, accepten expressament i de forma lliure i inequ\u00edvoca que les seves dades s\u00f3n necess\u00e0ries perqu\u00e8 el Responsable atengui la seva petici\u00f3, i \u00e9s volunt\u00e0ria la inclusi\u00f3 de dades en els camps restants.<br>L\u2019interessat\/interessada garanteix que les dades personals facilitades al prestador s\u00f3n veraces i es fa responsable de comunicar qualsevol modificaci\u00f3 d\u2019aquestes.<br>Totes les dades sol\u00b7licitades a trav\u00e9s del lloc web s\u00f3n necessaris per a la prestaci\u00f3 d\u2019un servei \u00f2ptim a l\u2019interessat\/interessada. En cas que no siguin facilitades totes les dades, no es garanteix que la informaci\u00f3 i serveis que El responsable li faciliti, siguin completament ajustats a les seves necessitats.<\/p>\n<p><strong>MESURES DE SEGURETAT<\/strong><\/p>\n<p>Que de conformitat amb el que disposen les normatives vigents en mat\u00e8ria de protecci\u00f3 de dades personals, El Responsable est\u00e0 complint amb totes les disposicions de les normatives RGPD i LOPDGDD per al tractament de les dades personals de la seva responsabilitat, i manifestament amb els principis descrits en l\u2019article 5 del RGPD i en l\u2019article 4 de la LOPDGDD, pels quals s\u00f3n tractats de manera l\u00edcita, lleial i transparent en relaci\u00f3 amb l\u2019interessat i adequades, pertinents i limitats al que \u00e9s necessari en relaci\u00f3 amb els fins per als quals s\u00f3n tractats.<br>El responsable garanteix que ha implementat pol\u00edtiques t\u00e8cniques i organitzatives apropiades per aplicar les mesures de seguretat que estableixen el RGPD i la LOPDGDD per tal de protegir els drets i llibertats de l\u2019interessat\/interessadai els ha comunicat la informaci\u00f3 adequada perqu\u00e8 puguin exercir-los.<\/p>\n<p><strong>BRETXES DE SEGURETAT<\/strong><\/p>\n<p>El Responsable informar\u00e0 sobre qualsevol bretxa de seguretat que afecti la base de dades que utilitza aquest lloc web, o que afecti a qualsevol dels nostres serveis de tercers, a totes i cadascuna de les persones, dades dels quals puguin haver estat afectades, i autoritats, dins de les 72 hores seg\u00fcents a la detecci\u00f3 de la bretxa.<\/p>\n<p><strong>LEGISLACI\u00d3 APLICABLE I JURISDICCI\u00d3<\/strong><\/p>\n<p>Per a la resoluci\u00f3 de totes les controv\u00e8rsies o q\u00fcestions relacionades amb el present lloc web o de les activitats en ell desenvolupades, ser\u00e0 d\u2019aplicaci\u00f3 la legislaci\u00f3 espanyola, a la qual se sotmeten expressament les parts, sent competents per a la resoluci\u00f3 de tots els conflictes derivats o relacionats amb el seu \u00fas els Jutjats i Tribunals de Lleida.<\/p>\n<p><\/p>\t\t\t\t\t\t\t\t<\/div>\n\t\t\t\t<\/div>\n\t\t\t\t\t<\/div>\n\t\t<\/div>\n\t\t\t\t\t<\/div>\n\t\t<\/section>\n\t\t\t\t<\/div>\n\t\t","protected":false},"excerpt":{"rendered":"<p>Pol\u00edtica de privacitat POL\u00cdTICA DE PRIVACITAT DOLCET CARRERA, GEORGINA, informa els usuaris del lloc web sobre la seva pol\u00edtica respecte al tractament i protecci\u00f3 de les dades de car\u00e0cter personal dels usuaris i clients. I garanteix en tot moment l\u2019\u00edntegre i ple compliment de les obligacions disposades per la normativa de protecci\u00f3 de dades i [&hellip;]<\/p>\n","protected":false},"author":1,"featured_media":0,"parent":0,"menu_order":0,"comment_status":"closed","ping_status":"closed","template":"","meta":{"footnotes":""},"class_list":["post-1675","page","type-page","status-publish","hentry"],"yoast_head":"<!-- This site is optimized with the Yoast SEO plugin v27.2 - https:\/\/yoast.com\/product\/yoast-seo-wordpress\/ -->\n<title>Pol\u00edtica de privacidad - Georgina Dolcet Carrera<\/title>\n<meta name=\"robots\" content=\"index, follow, max-snippet:-1, max-image-preview:large, max-video-preview:-1\" \/>\n<link rel=\"canonical\" href=\"https:\/\/georginadolcetcarrera.com\/es\/politica-de-privacitat\/\" \/>\n<meta property=\"og:locale\" content=\"es_ES\" \/>\n<meta property=\"og:type\" content=\"article\" \/>\n<meta property=\"og:title\" content=\"Pol\u00edtica de privacidad - Georgina Dolcet Carrera\" \/>\n<meta property=\"og:description\" content=\"Pol\u00edtica de privacitat POL\u00cdTICA DE PRIVACITAT DOLCET CARRERA, GEORGINA, informa els usuaris del lloc web sobre la seva pol\u00edtica respecte al tractament i protecci\u00f3 de les dades de car\u00e0cter personal dels usuaris i clients. I garanteix en tot moment l\u2019\u00edntegre i ple compliment de les obligacions disposades per la normativa de protecci\u00f3 de dades i [&hellip;]\" \/>\n<meta property=\"og:url\" content=\"https:\/\/georginadolcetcarrera.com\/es\/politica-de-privacitat\/\" \/>\n<meta property=\"og:site_name\" content=\"Georgina Dolcet Carrera\" \/>\n<meta property=\"article:modified_time\" content=\"2024-10-11T16:24:11+00:00\" \/>\n<meta name=\"twitter:card\" content=\"summary_large_image\" \/>\n<meta name=\"twitter:label1\" content=\"Tiempo de lectura\" \/>\n\t<meta name=\"twitter:data1\" content=\"6 minutos\" \/>\n<script type=\"application\/ld+json\" class=\"yoast-schema-graph\">{\"@context\":\"https:\/\/schema.org\",\"@graph\":[{\"@type\":\"WebPage\",\"@id\":\"https:\/\/georginadolcetcarrera.com\/es\/politica-de-privacitat\/\",\"url\":\"https:\/\/georginadolcetcarrera.com\/es\/politica-de-privacitat\/\",\"name\":\"Pol\u00edtica de privacidad - Georgina Dolcet Carrera\",\"isPartOf\":{\"@id\":\"https:\/\/georginadolcetcarrera.com\/#website\"},\"datePublished\":\"2024-10-01T06:52:24+00:00\",\"dateModified\":\"2024-10-11T16:24:11+00:00\",\"breadcrumb\":{\"@id\":\"https:\/\/georginadolcetcarrera.com\/es\/politica-de-privacitat\/#breadcrumb\"},\"inLanguage\":\"es\",\"potentialAction\":[{\"@type\":\"ReadAction\",\"target\":[\"https:\/\/georginadolcetcarrera.com\/es\/politica-de-privacitat\/\"]}]},{\"@type\":\"BreadcrumbList\",\"@id\":\"https:\/\/georginadolcetcarrera.com\/es\/politica-de-privacitat\/#breadcrumb\",\"itemListElement\":[{\"@type\":\"ListItem\",\"position\":1,\"name\":\"Portada\",\"item\":\"https:\/\/georginadolcetcarrera.com\/es\/\"},{\"@type\":\"ListItem\",\"position\":2,\"name\":\"Pol\u00edtica de privacidad\"}]},{\"@type\":\"WebSite\",\"@id\":\"https:\/\/georginadolcetcarrera.com\/#website\",\"url\":\"https:\/\/georginadolcetcarrera.com\/\",\"name\":\"Georgina Dolcet Carrera\",\"description\":\"Salut integral femenina\",\"publisher\":{\"@id\":\"https:\/\/georginadolcetcarrera.com\/#organization\"},\"potentialAction\":[{\"@type\":\"SearchAction\",\"target\":{\"@type\":\"EntryPoint\",\"urlTemplate\":\"https:\/\/georginadolcetcarrera.com\/?s={search_term_string}\"},\"query-input\":{\"@type\":\"PropertyValueSpecification\",\"valueRequired\":true,\"valueName\":\"search_term_string\"}}],\"inLanguage\":\"es\"},{\"@type\":\"Organization\",\"@id\":\"https:\/\/georginadolcetcarrera.com\/#organization\",\"name\":\"Georgina Dolcet Carrera\",\"url\":\"https:\/\/georginadolcetcarrera.com\/\",\"logo\":{\"@type\":\"ImageObject\",\"inLanguage\":\"es\",\"@id\":\"https:\/\/georginadolcetcarrera.com\/#\/schema\/logo\/image\/\",\"url\":\"https:\/\/georginadolcetcarrera.com\/wp-content\/uploads\/2021\/10\/Logo.svg\",\"contentUrl\":\"https:\/\/georginadolcetcarrera.com\/wp-content\/uploads\/2021\/10\/Logo.svg\",\"width\":234,\"height\":31,\"caption\":\"Georgina Dolcet Carrera\"},\"image\":{\"@id\":\"https:\/\/georginadolcetcarrera.com\/#\/schema\/logo\/image\/\"}}]}<\/script>\n<!-- \/ Yoast SEO plugin. -->","yoast_head_json":{"title":"Pol\u00edtica de privacidad - Georgina Dolcet Carrera","robots":{"index":"index","follow":"follow","max-snippet":"max-snippet:-1","max-image-preview":"max-image-preview:large","max-video-preview":"max-video-preview:-1"},"canonical":"https:\/\/georginadolcetcarrera.com\/es\/politica-de-privacitat\/","og_locale":"es_ES","og_type":"article","og_title":"Pol\u00edtica de privacidad - Georgina Dolcet Carrera","og_description":"Pol\u00edtica de privacitat POL\u00cdTICA DE PRIVACITAT DOLCET CARRERA, GEORGINA, informa els usuaris del lloc web sobre la seva pol\u00edtica respecte al tractament i protecci\u00f3 de les dades de car\u00e0cter personal dels usuaris i clients. I garanteix en tot moment l\u2019\u00edntegre i ple compliment de les obligacions disposades per la normativa de protecci\u00f3 de dades i [&hellip;]","og_url":"https:\/\/georginadolcetcarrera.com\/es\/politica-de-privacitat\/","og_site_name":"Georgina Dolcet Carrera","article_modified_time":"2024-10-11T16:24:11+00:00","twitter_card":"summary_large_image","twitter_misc":{"Tiempo de lectura":"6 minutos"},"schema":{"@context":"https:\/\/schema.org","@graph":[{"@type":"WebPage","@id":"https:\/\/georginadolcetcarrera.com\/es\/politica-de-privacitat\/","url":"https:\/\/georginadolcetcarrera.com\/es\/politica-de-privacitat\/","name":"Pol\u00edtica de privacidad - Georgina Dolcet Carrera","isPartOf":{"@id":"https:\/\/georginadolcetcarrera.com\/#website"},"datePublished":"2024-10-01T06:52:24+00:00","dateModified":"2024-10-11T16:24:11+00:00","breadcrumb":{"@id":"https:\/\/georginadolcetcarrera.com\/es\/politica-de-privacitat\/#breadcrumb"},"inLanguage":"es","potentialAction":[{"@type":"ReadAction","target":["https:\/\/georginadolcetcarrera.com\/es\/politica-de-privacitat\/"]}]},{"@type":"BreadcrumbList","@id":"https:\/\/georginadolcetcarrera.com\/es\/politica-de-privacitat\/#breadcrumb","itemListElement":[{"@type":"ListItem","position":1,"name":"Portada","item":"https:\/\/georginadolcetcarrera.com\/es\/"},{"@type":"ListItem","position":2,"name":"Pol\u00edtica de privacidad"}]},{"@type":"WebSite","@id":"https:\/\/georginadolcetcarrera.com\/#website","url":"https:\/\/georginadolcetcarrera.com\/","name":"Georgina Dolcet Carrera","description":"Salut integral femenina","publisher":{"@id":"https:\/\/georginadolcetcarrera.com\/#organization"},"potentialAction":[{"@type":"SearchAction","target":{"@type":"EntryPoint","urlTemplate":"https:\/\/georginadolcetcarrera.com\/?s={search_term_string}"},"query-input":{"@type":"PropertyValueSpecification","valueRequired":true,"valueName":"search_term_string"}}],"inLanguage":"es"},{"@type":"Organization","@id":"https:\/\/georginadolcetcarrera.com\/#organization","name":"Georgina Dolcet Carrera","url":"https:\/\/georginadolcetcarrera.com\/","logo":{"@type":"ImageObject","inLanguage":"es","@id":"https:\/\/georginadolcetcarrera.com\/#\/schema\/logo\/image\/","url":"https:\/\/georginadolcetcarrera.com\/wp-content\/uploads\/2021\/10\/Logo.svg","contentUrl":"https:\/\/georginadolcetcarrera.com\/wp-content\/uploads\/2021\/10\/Logo.svg","width":234,"height":31,"caption":"Georgina Dolcet Carrera"},"image":{"@id":"https:\/\/georginadolcetcarrera.com\/#\/schema\/logo\/image\/"}}]}},"_links":{"self":[{"href":"https:\/\/georginadolcetcarrera.com\/es\/wp-json\/wp\/v2\/pages\/1675","targetHints":{"allow":["GET"]}}],"collection":[{"href":"https:\/\/georginadolcetcarrera.com\/es\/wp-json\/wp\/v2\/pages"}],"about":[{"href":"https:\/\/georginadolcetcarrera.com\/es\/wp-json\/wp\/v2\/types\/page"}],"author":[{"embeddable":true,"href":"https:\/\/georginadolcetcarrera.com\/es\/wp-json\/wp\/v2\/users\/1"}],"replies":[{"embeddable":true,"href":"https:\/\/georginadolcetcarrera.com\/es\/wp-json\/wp\/v2\/comments?post=1675"}],"version-history":[{"count":1,"href":"https:\/\/georginadolcetcarrera.com\/es\/wp-json\/wp\/v2\/pages\/1675\/revisions"}],"predecessor-version":[{"id":1801,"href":"https:\/\/georginadolcetcarrera.com\/es\/wp-json\/wp\/v2\/pages\/1675\/revisions\/1801"}],"wp:attachment":[{"href":"https:\/\/georginadolcetcarrera.com\/es\/wp-json\/wp\/v2\/media?parent=1675"}],"curies":[{"name":"wp","href":"https:\/\/api.w.org\/{rel}","templated":true}]}}